{"id":419,"date":"2024-07-14T13:05:33","date_gmt":"2024-07-14T16:05:33","guid":{"rendered":"https:\/\/tbttravelba.com\/?page_id=419"},"modified":"2024-09-02T12:38:18","modified_gmt":"2024-09-02T15:38:18","slug":"bariloche","status":"publish","type":"page","link":"https:\/\/turistarg.com\/pt\/bariloche\/","title":{"rendered":"Bariloche"},"content":{"rendered":"<div class=\"row\"  id=\"row-778794332\">\n\n\n\t<div id=\"col-822378988\" class=\"col medium-6 small-12 large-6\"  >\n\t\t\t\t<div class=\"col-inner\"  >\n\t\t\t\n\t\t\t\n\n\t<div class=\"img has-hover x md-x lg-x y md-y lg-y\" id=\"image_1412788716\">\n\t\t\t\t\t\t\t\t<div class=\"img-inner dark\" >\n\t\t\t<img loading=\"lazy\" decoding=\"async\" width=\"2000\" height=\"1125\" src=\"https:\/\/turistarg.com\/wp-content\/uploads\/2024\/07\/bariloche.jpg\" class=\"attachment-original size-original\" alt=\"bariloche\" srcset=\"https:\/\/turistarg.com\/wp-content\/uploads\/2024\/07\/bariloche.jpg 2000w, https:\/\/turistarg.com\/wp-content\/uploads\/2024\/07\/bariloche-300x169.jpg 300w, https:\/\/turistarg.com\/wp-content\/uploads\/2024\/07\/bariloche-1024x576.jpg 1024w, https:\/\/turistarg.com\/wp-content\/uploads\/2024\/07\/bariloche-768x432.jpg 768w, https:\/\/turistarg.com\/wp-content\/uploads\/2024\/07\/bariloche-1536x864.jpg 1536w, https:\/\/turistarg.com\/wp-content\/uploads\/2024\/07\/bariloche-18x10.jpg 18w, https:\/\/turistarg.com\/wp-content\/uploads\/2024\/07\/bariloche-600x338.jpg 600w, https:\/\/turistarg.com\/wp-content\/uploads\/2024\/07\/bariloche-1000x563.jpg 1000w\" sizes=\"auto, (max-width: 2000px) 100vw, 2000px\" \/>\t\t\t\t\t\t\n\t\t\t\t\t<\/div>\n\t\t\t\t\t\t\t\t\n<style>\n#image_1412788716 {\n  width: 100%;\n}\n<\/style>\n\t<\/div>\n\t\n\n\n\t\t<\/div>\n\t\t\t\t\t<\/div>\n\n\t\n\n\t<div id=\"col-1189879067\" class=\"col medium-6 small-12 large-6\"  >\n\t\t\t\t<div class=\"col-inner\"  >\n\t\t\t\n\t\t\t\n\n<h1>Bariloche<\/h1>\n<p>San Carlos de Bariloche (com\u00fanmente llamada Bariloche) es una ciudad en la regi\u00f3n de la Patagonia argentina. Limita con Nahuel Huapi, un gran lago glacial rodeado de monta\u00f1as de los Andes.<\/p>\n<p>Bariloche es conocida por su arquitectura al estilo alpino de Suiza y su chocolate, que se vende en tiendas de la calle Mitre, la avenida principal. Tambi\u00e9n es una base popular para el excursionismo y el esqu\u00ed en las monta\u00f1as cercanas, y para explorar los alrededores del Distrito de los Lagos. <\/p>\n\n\t\t<\/div>\n\t\t\t\t\t<\/div>\n\n\t\n\n<\/div>\n<div class=\"row align-center\"  id=\"row-328565898\">\n\n\n\t<div id=\"col-2025713321\" class=\"col medium-9 small-12 large-9\"  >\n\t\t\t\t<div class=\"col-inner\"  >\n\t\t\t\n\t\t\t\n\n<p>De julio a octubre, Bariloche es uno de los mayores atractivos tur\u00edsticos del pa\u00eds, por su oferta de esqu\u00ed, snowboard, esqu\u00ed n\u00f3rdico, paseos en trineo y cuatriciclos. Para los que se inician en los deportes invernales, los cerros brindan suaves pendientes y bosques. Los m\u00e1s experimentados podr\u00e1n renovar sus desaf\u00edos en pendientes que llegan hasta los 2100 m.s.n.m y los aficionados al \u201cfuera de pista\u201d se sorprender\u00e1n con la variedad de opciones disponibles.<\/p>\n\n  \n    <div class=\"row large-columns-2 medium-columns- small-columns-\" >\n  <div class=\"gallery-col col\" data-animate=\"fadeInUp\">\n          <div class=\"col-inner\">\n            <a class=\"image-lightbox lightbox-gallery\" href=\"https:\/\/turistarg.com\/wp-content\/uploads\/2024\/07\/bariloche-nieve.jpg\" title=\"\">            <div class=\"box has-hover gallery-box box-default\">\n              <div class=\"box-image image-zoom image-cover\" style=\"border-radius:4%;padding-top:56.25%;\">\n                <img loading=\"lazy\" decoding=\"async\" width=\"300\" height=\"169\" src=\"https:\/\/turistarg.com\/wp-content\/uploads\/2024\/07\/bariloche-nieve-300x169.jpg\" class=\"attachment-medium size-medium\" alt=\"\" ids=\"465,464\" style=\"default\" lightbox_image_size=\"original\" columns=\"2\" animate=\"fadeInUp\" image_height=\"56.25%\" image_radius=\"4\" image_hover=\"zoom\" srcset=\"https:\/\/turistarg.com\/wp-content\/uploads\/2024\/07\/bariloche-nieve-300x169.jpg 300w, https:\/\/turistarg.com\/wp-content\/uploads\/2024\/07\/bariloche-nieve-1024x576.jpg 1024w, https:\/\/turistarg.com\/wp-content\/uploads\/2024\/07\/bariloche-nieve-768x432.jpg 768w, https:\/\/turistarg.com\/wp-content\/uploads\/2024\/07\/bariloche-nieve-1536x864.jpg 1536w, https:\/\/turistarg.com\/wp-content\/uploads\/2024\/07\/bariloche-nieve-18x10.jpg 18w, https:\/\/turistarg.com\/wp-content\/uploads\/2024\/07\/bariloche-nieve-600x338.jpg 600w, https:\/\/turistarg.com\/wp-content\/uploads\/2024\/07\/bariloche-nieve-1000x563.jpg 1000w, https:\/\/turistarg.com\/wp-content\/uploads\/2024\/07\/bariloche-nieve.jpg 1920w\" sizes=\"auto, (max-width: 300px) 100vw, 300px\" \/>                                                              <\/div>\n              <div class=\"box-text text-left\" >\n                 <p><\/p>\n              <\/div>\n            <\/div>\n            <\/a>          <\/div>\n         <\/div><div class=\"gallery-col col\" data-animate=\"fadeInUp\">\n          <div class=\"col-inner\">\n            <a class=\"image-lightbox lightbox-gallery\" href=\"https:\/\/turistarg.com\/wp-content\/uploads\/2024\/07\/noche-nordica.jpg\" title=\"\">            <div class=\"box has-hover gallery-box box-default\">\n              <div class=\"box-image image-zoom image-cover\" style=\"border-radius:4%;padding-top:56.25%;\">\n                <img loading=\"lazy\" decoding=\"async\" width=\"300\" height=\"200\" src=\"https:\/\/turistarg.com\/wp-content\/uploads\/2024\/07\/noche-nordica-300x200.jpg\" class=\"attachment-medium size-medium\" alt=\"\" ids=\"465,464\" style=\"default\" lightbox_image_size=\"original\" columns=\"2\" animate=\"fadeInUp\" image_height=\"56.25%\" image_radius=\"4\" image_hover=\"zoom\" srcset=\"https:\/\/turistarg.com\/wp-content\/uploads\/2024\/07\/noche-nordica-300x200.jpg 300w, https:\/\/turistarg.com\/wp-content\/uploads\/2024\/07\/noche-nordica-1024x681.jpg 1024w, https:\/\/turistarg.com\/wp-content\/uploads\/2024\/07\/noche-nordica-768x511.jpg 768w, https:\/\/turistarg.com\/wp-content\/uploads\/2024\/07\/noche-nordica-1536x1022.jpg 1536w, https:\/\/turistarg.com\/wp-content\/uploads\/2024\/07\/noche-nordica-18x12.jpg 18w, https:\/\/turistarg.com\/wp-content\/uploads\/2024\/07\/noche-nordica-600x399.jpg 600w, https:\/\/turistarg.com\/wp-content\/uploads\/2024\/07\/noche-nordica-1000x665.jpg 1000w, https:\/\/turistarg.com\/wp-content\/uploads\/2024\/07\/noche-nordica.jpg 2048w\" sizes=\"auto, (max-width: 300px) 100vw, 300px\" \/>                                                              <\/div>\n              <div class=\"box-text text-left\" >\n                 <p><\/p>\n              <\/div>\n            <\/div>\n            <\/a>          <\/div>\n         <\/div><\/div>\n\n<h2>Para m\u00e1s informaci\u00f3n ingres\u00e1 tus datos en este formulario<\/h2>\n\n<div class=\"wpcf7 no-js\" id=\"wpcf7-f346-o1\" lang=\"es-AR\" dir=\"ltr\">\n<div class=\"screen-reader-response\"><p role=\"status\" aria-live=\"polite\" aria-atomic=\"true\"><\/p> <ul><\/ul><\/div>\n<form action=\"\/pt\/wp-json\/wp\/v2\/pages\/419#wpcf7-f346-o1\" method=\"post\" class=\"wpcf7-form init\" aria-label=\"Formulario de contacto\" novalidate=\"novalidate\" data-status=\"init\" data-trp-original-action=\"\/pt\/wp-json\/wp\/v2\/pages\/419#wpcf7-f346-o1\">\n<div style=\"display: none;\">\n<input type=\"hidden\" name=\"_wpcf7\" value=\"346\" \/>\n<input type=\"hidden\" name=\"_wpcf7_version\" value=\"5.9.8\" \/>\n<input type=\"hidden\" name=\"_wpcf7_locale\" value=\"es_AR\" \/>\n<input type=\"hidden\" name=\"_wpcf7_unit_tag\" value=\"wpcf7-f346-o1\" \/>\n<input type=\"hidden\" name=\"_wpcf7_container_post\" value=\"0\" \/>\n<input type=\"hidden\" name=\"_wpcf7_posted_data_hash\" value=\"\" \/>\n<\/div>\n<p><label> Nome completo<br \/>\n<span class=\"wpcf7-form-control-wrap\" data-name=\"your-name\"><input size=\"40\" maxlength=\"400\" class=\"wpcf7-form-control wpcf7-text wpcf7-validates-as-required\" autocomplete=\"name\" aria-required=\"true\" aria-invalid=\"false\" value=\"\" type=\"text\" name=\"your-name\" \/><\/span> <\/label>\n<\/p>\n<p><label> E-mail<br \/>\n<span class=\"wpcf7-form-control-wrap\" data-name=\"your-email\"><input size=\"40\" maxlength=\"400\" class=\"wpcf7-form-control wpcf7-email wpcf7-validates-as-required wpcf7-text wpcf7-validates-as-email\" autocomplete=\"email\" aria-required=\"true\" aria-invalid=\"false\" value=\"\" type=\"email\" name=\"your-email\" \/><\/span> <\/label>\n<\/p>\n<p><label> Chegada<br \/>\n<span class=\"wpcf7-form-control-wrap\" data-name=\"llegada\"><input class=\"wpcf7-form-control wpcf7-date wpcf7-validates-as-required wpcf7-validates-as-date\" aria-required=\"true\" aria-invalid=\"false\" value=\"\" type=\"date\" name=\"llegada\" \/><\/span> <\/label>\n<\/p>\n<p><label> Colo<br \/>\n<span class=\"wpcf7-form-control-wrap\" data-name=\"vuelta\"><input class=\"wpcf7-form-control wpcf7-date wpcf7-validates-as-required wpcf7-validates-as-date\" aria-required=\"true\" aria-invalid=\"false\" value=\"\" type=\"date\" name=\"vuelta\" \/><\/span> <\/label>\n<\/p>\n<p><label> Adultos<br \/>\n<span class=\"wpcf7-form-control-wrap\" data-name=\"adultos\"><input class=\"wpcf7-form-control wpcf7-number wpcf7-validates-as-required wpcf7-validates-as-number\" aria-required=\"true\" aria-invalid=\"false\" value=\"\" type=\"number\" name=\"adultos\" \/><\/span> <\/label>\n<\/p>\n<p><label> Crian\u00e7as<br \/>\n<span class=\"wpcf7-form-control-wrap\" data-name=\"ninos\"><input class=\"wpcf7-form-control wpcf7-number wpcf7-validates-as-number\" aria-invalid=\"false\" value=\"\" type=\"number\" name=\"ninos\" \/><\/span> <\/label>\n<\/p>\n<p><label> \u00bfQu\u00e9 servicios precisas? <\/label><br \/>\n<span class=\"wpcf7-form-control-wrap\" data-name=\"paquete\"><span class=\"wpcf7-form-control wpcf7-checkbox wpcf7-validates-as-required\"><span class=\"wpcf7-list-item first\"><label><input type=\"checkbox\" name=\"paquete[]\" value=\"Pasajes A\u00e9ros\" \/><span class=\"wpcf7-list-item-label\">Passagens a\u00e9reas<\/span><\/label><\/span><span class=\"wpcf7-list-item\"><label><input type=\"checkbox\" name=\"paquete[]\" value=\"Hotel\" \/><span class=\"wpcf7-list-item-label\">Hotel<\/span><\/label><\/span><span class=\"wpcf7-list-item last\"><label><input type=\"checkbox\" name=\"paquete[]\" value=\"Traslados\" \/><span class=\"wpcf7-list-item-label\">Transfer\u00eancias<\/span><\/label><\/span><\/span><\/span>\n<\/p>\n<p><label> \u00bfCu\u00e1les experiencias te gustar\u00edan disfrutar? <\/label><br \/>\n<span class=\"wpcf7-form-control-wrap\" data-name=\"paseos\"><span class=\"wpcf7-form-control wpcf7-checkbox wpcf7-validates-as-required\"><span class=\"wpcf7-list-item first\"><label><input type=\"checkbox\" name=\"paseos[]\" value=\"Circuito chico con Cerro Campanario\" \/><span class=\"wpcf7-list-item-label\">Circuito chico con Cerro Campanario<\/span><\/label><\/span><span class=\"wpcf7-list-item\"><label><input type=\"checkbox\" name=\"paseos[]\" value=\"Navegaci\u00f3n a Puerto Blest y Cascada de los C\u00e1ntaros con traslado\" \/><span class=\"wpcf7-list-item-label\">Navega\u00e7\u00e3o para Puerto Blest e Cascada de los C\u00e1ntaros com transfer<\/span><\/label><\/span><span class=\"wpcf7-list-item\"><label><input type=\"checkbox\" name=\"paseos[]\" value=\"Excursi\u00f3n al Cerro Catedral en Bariloche\" \/><span class=\"wpcf7-list-item-label\">Excurs\u00e3o ao Cerro Catedral em Bariloche<\/span><\/label><\/span><span class=\"wpcf7-list-item\"><label><input type=\"checkbox\" name=\"paseos[]\" value=\"Paseo en Barco a Isla Victoria y Bosques de Arrayanes\" \/><span class=\"wpcf7-list-item-label\">Passeio de Barco \u00e0 Ilha Victoria e Bosques de Arrayanes<\/span><\/label><\/span><span class=\"wpcf7-list-item\"><label><input type=\"checkbox\" name=\"paseos[]\" value=\"Clase grupal de ski o snowboard con equipos en Cerro Catedral\" \/><span class=\"wpcf7-list-item-label\">Aula coletiva de esqui ou snowboard com equipamentos no Cerro Catedral<\/span><\/label><\/span><span class=\"wpcf7-list-item\"><label><input type=\"checkbox\" name=\"paseos[]\" value=\"Bautismo de Nieve Cerro Catedral\" \/><span class=\"wpcf7-list-item-label\">Batismo de Neve Cerro Catedral<\/span><\/label><\/span><span class=\"wpcf7-list-item last\"><label><input type=\"checkbox\" name=\"paseos[]\" value=\"Experimenta una Noche N\u00f3rdica\" \/><span class=\"wpcf7-list-item-label\">Experimente uma noite n\u00f3rdica<\/span><\/label><\/span><\/span><\/span>\n<\/p>\n<p><label> Mensagem (opcional)<br \/>\n<span class=\"wpcf7-form-control-wrap\" data-name=\"your-message\"><textarea cols=\"40\" rows=\"10\" maxlength=\"2000\" class=\"wpcf7-form-control wpcf7-textarea\" aria-invalid=\"false\" name=\"your-message\"><\/textarea><\/span> <\/label>\n<\/p>\n<p><input class=\"wpcf7-form-control wpcf7-submit has-spinner\" type=\"submit\" value=\"Enviar\" \/>\n<\/p><div class=\"wpcf7-response-output\" aria-hidden=\"true\"><\/div>\n<input type=\"hidden\" name=\"trp-form-language\" value=\"pt\"\/><\/form>\n<\/div>\n\n\n\n  \n    <div class=\"row large-columns-3 medium-columns- small-columns-2\" >\n  <div class=\"gallery-col col\" data-animate=\"fadeInUp\">\n          <div class=\"col-inner\">\n            <a class=\"image-lightbox lightbox-gallery\" href=\"https:\/\/turistarg.com\/wp-content\/uploads\/2024\/07\/snowboard-02.jpg\" title=\"\">            <div class=\"box has-hover gallery-box box-default\">\n              <div class=\"box-image image-zoom image-cover\" style=\"border-radius:4%;padding-top:100%;\">\n                <img loading=\"lazy\" decoding=\"async\" width=\"300\" height=\"251\" src=\"https:\/\/turistarg.com\/wp-content\/uploads\/2024\/07\/snowboard-02-300x251.jpg\" class=\"attachment-medium size-medium\" alt=\"\" ids=\"469,471,473,470,472,474,477,478,479\" style=\"default\" lightbox_image_size=\"original\" columns=\"3\" animate=\"fadeInUp\" image_height=\"100%\" image_radius=\"4\" image_hover=\"zoom\" srcset=\"https:\/\/turistarg.com\/wp-content\/uploads\/2024\/07\/snowboard-02-300x251.jpg 300w, https:\/\/turistarg.com\/wp-content\/uploads\/2024\/07\/snowboard-02-14x12.jpg 14w, https:\/\/turistarg.com\/wp-content\/uploads\/2024\/07\/snowboard-02.jpg 585w\" sizes=\"auto, (max-width: 300px) 100vw, 300px\" \/>                                                              <\/div>\n              <div class=\"box-text text-left\" >\n                 <p><\/p>\n              <\/div>\n            <\/div>\n            <\/a>          <\/div>\n         <\/div><div class=\"gallery-col col\" data-animate=\"fadeInUp\">\n          <div class=\"col-inner\">\n            <a class=\"image-lightbox lightbox-gallery\" href=\"https:\/\/turistarg.com\/wp-content\/uploads\/2024\/07\/ski-02.jpg\" title=\"\">            <div class=\"box has-hover gallery-box box-default\">\n              <div class=\"box-image image-zoom image-cover\" style=\"border-radius:4%;padding-top:100%;\">\n                <img loading=\"lazy\" decoding=\"async\" width=\"300\" height=\"251\" src=\"https:\/\/turistarg.com\/wp-content\/uploads\/2024\/07\/ski-02-300x251.jpg\" class=\"attachment-medium size-medium\" alt=\"\" ids=\"469,471,473,470,472,474,477,478,479\" style=\"default\" lightbox_image_size=\"original\" columns=\"3\" animate=\"fadeInUp\" image_height=\"100%\" image_radius=\"4\" image_hover=\"zoom\" srcset=\"https:\/\/turistarg.com\/wp-content\/uploads\/2024\/07\/ski-02-300x251.jpg 300w, https:\/\/turistarg.com\/wp-content\/uploads\/2024\/07\/ski-02-14x12.jpg 14w, https:\/\/turistarg.com\/wp-content\/uploads\/2024\/07\/ski-02.jpg 585w\" sizes=\"auto, (max-width: 300px) 100vw, 300px\" \/>                                                              <\/div>\n              <div class=\"box-text text-left\" >\n                 <p><\/p>\n              <\/div>\n            <\/div>\n            <\/a>          <\/div>\n         <\/div><div class=\"gallery-col col\" data-animate=\"fadeInUp\">\n          <div class=\"col-inner\">\n            <a class=\"image-lightbox lightbox-gallery\" href=\"https:\/\/turistarg.com\/wp-content\/uploads\/2024\/07\/motonieve-01.jpg\" title=\"\">            <div class=\"box has-hover gallery-box box-default\">\n              <div class=\"box-image image-zoom image-cover\" style=\"border-radius:4%;padding-top:100%;\">\n                <img loading=\"lazy\" decoding=\"async\" width=\"300\" height=\"251\" src=\"https:\/\/turistarg.com\/wp-content\/uploads\/2024\/07\/motonieve-01-300x251.jpg\" class=\"attachment-medium size-medium\" alt=\"\" ids=\"469,471,473,470,472,474,477,478,479\" style=\"default\" lightbox_image_size=\"original\" columns=\"3\" animate=\"fadeInUp\" image_height=\"100%\" image_radius=\"4\" image_hover=\"zoom\" srcset=\"https:\/\/turistarg.com\/wp-content\/uploads\/2024\/07\/motonieve-01-300x251.jpg 300w, https:\/\/turistarg.com\/wp-content\/uploads\/2024\/07\/motonieve-01-14x12.jpg 14w, https:\/\/turistarg.com\/wp-content\/uploads\/2024\/07\/motonieve-01.jpg 585w\" sizes=\"auto, (max-width: 300px) 100vw, 300px\" \/>                                                              <\/div>\n              <div class=\"box-text text-left\" >\n                 <p><\/p>\n              <\/div>\n            <\/div>\n            <\/a>          <\/div>\n         <\/div><div class=\"gallery-col col\" data-animate=\"fadeInUp\">\n          <div class=\"col-inner\">\n            <a class=\"image-lightbox lightbox-gallery\" href=\"https:\/\/turistarg.com\/wp-content\/uploads\/2024\/07\/snowboard-01.jpg\" title=\"\">            <div class=\"box has-hover gallery-box box-default\">\n              <div class=\"box-image image-zoom image-cover\" style=\"border-radius:4%;padding-top:100%;\">\n                <img loading=\"lazy\" decoding=\"async\" width=\"300\" height=\"251\" src=\"https:\/\/turistarg.com\/wp-content\/uploads\/2024\/07\/snowboard-01-300x251.jpg\" class=\"attachment-medium size-medium\" alt=\"\" ids=\"469,471,473,470,472,474,477,478,479\" style=\"default\" lightbox_image_size=\"original\" columns=\"3\" animate=\"fadeInUp\" image_height=\"100%\" image_radius=\"4\" image_hover=\"zoom\" srcset=\"https:\/\/turistarg.com\/wp-content\/uploads\/2024\/07\/snowboard-01-300x251.jpg 300w, https:\/\/turistarg.com\/wp-content\/uploads\/2024\/07\/snowboard-01-14x12.jpg 14w, https:\/\/turistarg.com\/wp-content\/uploads\/2024\/07\/snowboard-01.jpg 585w\" sizes=\"auto, (max-width: 300px) 100vw, 300px\" \/>                                                              <\/div>\n              <div class=\"box-text text-left\" >\n                 <p><\/p>\n              <\/div>\n            <\/div>\n            <\/a>          <\/div>\n         <\/div><div class=\"gallery-col col\" data-animate=\"fadeInUp\">\n          <div class=\"col-inner\">\n            <a class=\"image-lightbox lightbox-gallery\" href=\"https:\/\/turistarg.com\/wp-content\/uploads\/2024\/07\/ski-01.jpg\" title=\"\">            <div class=\"box has-hover gallery-box box-default\">\n              <div class=\"box-image image-zoom image-cover\" style=\"border-radius:4%;padding-top:100%;\">\n                <img loading=\"lazy\" decoding=\"async\" width=\"300\" height=\"251\" src=\"https:\/\/turistarg.com\/wp-content\/uploads\/2024\/07\/ski-01-300x251.jpg\" class=\"attachment-medium size-medium\" alt=\"\" ids=\"469,471,473,470,472,474,477,478,479\" style=\"default\" lightbox_image_size=\"original\" columns=\"3\" animate=\"fadeInUp\" image_height=\"100%\" image_radius=\"4\" image_hover=\"zoom\" srcset=\"https:\/\/turistarg.com\/wp-content\/uploads\/2024\/07\/ski-01-300x251.jpg 300w, https:\/\/turistarg.com\/wp-content\/uploads\/2024\/07\/ski-01-14x12.jpg 14w, https:\/\/turistarg.com\/wp-content\/uploads\/2024\/07\/ski-01.jpg 585w\" sizes=\"auto, (max-width: 300px) 100vw, 300px\" \/>                                                              <\/div>\n              <div class=\"box-text text-left\" >\n                 <p><\/p>\n              <\/div>\n            <\/div>\n            <\/a>          <\/div>\n         <\/div><div class=\"gallery-col col\" data-animate=\"fadeInUp\">\n          <div class=\"col-inner\">\n            <a class=\"image-lightbox lightbox-gallery\" href=\"https:\/\/turistarg.com\/wp-content\/uploads\/2024\/07\/motonieve-02.jpg\" title=\"\">            <div class=\"box has-hover gallery-box box-default\">\n              <div class=\"box-image image-zoom image-cover\" style=\"border-radius:4%;padding-top:100%;\">\n                <img loading=\"lazy\" decoding=\"async\" width=\"300\" height=\"251\" src=\"https:\/\/turistarg.com\/wp-content\/uploads\/2024\/07\/motonieve-02-300x251.jpg\" class=\"attachment-medium size-medium\" alt=\"\" ids=\"469,471,473,470,472,474,477,478,479\" style=\"default\" lightbox_image_size=\"original\" columns=\"3\" animate=\"fadeInUp\" image_height=\"100%\" image_radius=\"4\" image_hover=\"zoom\" srcset=\"https:\/\/turistarg.com\/wp-content\/uploads\/2024\/07\/motonieve-02-300x251.jpg 300w, https:\/\/turistarg.com\/wp-content\/uploads\/2024\/07\/motonieve-02-14x12.jpg 14w, https:\/\/turistarg.com\/wp-content\/uploads\/2024\/07\/motonieve-02.jpg 585w\" sizes=\"auto, (max-width: 300px) 100vw, 300px\" \/>                                                              <\/div>\n              <div class=\"box-text text-left\" >\n                 <p><\/p>\n              <\/div>\n            <\/div>\n            <\/a>          <\/div>\n         <\/div><div class=\"gallery-col col\" data-animate=\"fadeInUp\">\n          <div class=\"col-inner\">\n            <a class=\"image-lightbox lightbox-gallery\" href=\"https:\/\/turistarg.com\/wp-content\/uploads\/2024\/07\/colonia-suiza-.jpg\" title=\"\">            <div class=\"box has-hover gallery-box box-default\">\n              <div class=\"box-image image-zoom image-cover\" style=\"border-radius:4%;padding-top:100%;\">\n                <img loading=\"lazy\" decoding=\"async\" width=\"300\" height=\"189\" src=\"https:\/\/turistarg.com\/wp-content\/uploads\/2024\/07\/colonia-suiza--300x189.jpg\" class=\"attachment-medium size-medium\" alt=\"\" ids=\"469,471,473,470,472,474,477,478,479\" style=\"default\" lightbox_image_size=\"original\" columns=\"3\" animate=\"fadeInUp\" image_height=\"100%\" image_radius=\"4\" image_hover=\"zoom\" srcset=\"https:\/\/turistarg.com\/wp-content\/uploads\/2024\/07\/colonia-suiza--300x189.jpg 300w, https:\/\/turistarg.com\/wp-content\/uploads\/2024\/07\/colonia-suiza--1024x644.jpg 1024w, https:\/\/turistarg.com\/wp-content\/uploads\/2024\/07\/colonia-suiza--768x483.jpg 768w, https:\/\/turistarg.com\/wp-content\/uploads\/2024\/07\/colonia-suiza--1536x967.jpg 1536w, https:\/\/turistarg.com\/wp-content\/uploads\/2024\/07\/colonia-suiza--18x12.jpg 18w, https:\/\/turistarg.com\/wp-content\/uploads\/2024\/07\/colonia-suiza--600x378.jpg 600w, https:\/\/turistarg.com\/wp-content\/uploads\/2024\/07\/colonia-suiza--1000x629.jpg 1000w, https:\/\/turistarg.com\/wp-content\/uploads\/2024\/07\/colonia-suiza-.jpg 1600w\" sizes=\"auto, (max-width: 300px) 100vw, 300px\" \/>                                                              <\/div>\n              <div class=\"box-text text-left\" >\n                 <p><\/p>\n              <\/div>\n            <\/div>\n            <\/a>          <\/div>\n         <\/div><div class=\"gallery-col col\" data-animate=\"fadeInUp\">\n          <div class=\"col-inner\">\n            <a class=\"image-lightbox lightbox-gallery\" href=\"https:\/\/turistarg.com\/wp-content\/uploads\/2024\/07\/lago-mascardi-01.jpg\" title=\"\">            <div class=\"box has-hover gallery-box box-default\">\n              <div class=\"box-image image-zoom image-cover\" style=\"border-radius:4%;padding-top:100%;\">\n                <img loading=\"lazy\" decoding=\"async\" width=\"300\" height=\"251\" src=\"https:\/\/turistarg.com\/wp-content\/uploads\/2024\/07\/lago-mascardi-01-300x251.jpg\" class=\"attachment-medium size-medium\" alt=\"\" ids=\"469,471,473,470,472,474,477,478,479\" style=\"default\" lightbox_image_size=\"original\" columns=\"3\" animate=\"fadeInUp\" image_height=\"100%\" image_radius=\"4\" image_hover=\"zoom\" srcset=\"https:\/\/turistarg.com\/wp-content\/uploads\/2024\/07\/lago-mascardi-01-300x251.jpg 300w, https:\/\/turistarg.com\/wp-content\/uploads\/2024\/07\/lago-mascardi-01-14x12.jpg 14w, https:\/\/turistarg.com\/wp-content\/uploads\/2024\/07\/lago-mascardi-01.jpg 585w\" sizes=\"auto, (max-width: 300px) 100vw, 300px\" \/>                                                              <\/div>\n              <div class=\"box-text text-left\" >\n                 <p><\/p>\n              <\/div>\n            <\/div>\n            <\/a>          <\/div>\n         <\/div><div class=\"gallery-col col\" data-animate=\"fadeInUp\">\n          <div class=\"col-inner\">\n            <a class=\"image-lightbox lightbox-gallery\" href=\"https:\/\/turistarg.com\/wp-content\/uploads\/2024\/07\/puerto_blest_5.jpg\" title=\"\">            <div class=\"box has-hover gallery-box box-default\">\n              <div class=\"box-image image-zoom image-cover\" style=\"border-radius:4%;padding-top:100%;\">\n                <img loading=\"lazy\" decoding=\"async\" width=\"300\" height=\"199\" src=\"https:\/\/turistarg.com\/wp-content\/uploads\/2024\/07\/puerto_blest_5-300x199.jpg\" class=\"attachment-medium size-medium\" alt=\"\" ids=\"469,471,473,470,472,474,477,478,479\" style=\"default\" lightbox_image_size=\"original\" columns=\"3\" animate=\"fadeInUp\" image_height=\"100%\" image_radius=\"4\" image_hover=\"zoom\" srcset=\"https:\/\/turistarg.com\/wp-content\/uploads\/2024\/07\/puerto_blest_5-300x199.jpg 300w, https:\/\/turistarg.com\/wp-content\/uploads\/2024\/07\/puerto_blest_5-1024x680.jpg 1024w, https:\/\/turistarg.com\/wp-content\/uploads\/2024\/07\/puerto_blest_5-768x510.jpg 768w, https:\/\/turistarg.com\/wp-content\/uploads\/2024\/07\/puerto_blest_5-18x12.jpg 18w, https:\/\/turistarg.com\/wp-content\/uploads\/2024\/07\/puerto_blest_5-600x398.jpg 600w, https:\/\/turistarg.com\/wp-content\/uploads\/2024\/07\/puerto_blest_5-1000x664.jpg 1000w, https:\/\/turistarg.com\/wp-content\/uploads\/2024\/07\/puerto_blest_5.jpg 1280w\" sizes=\"auto, (max-width: 300px) 100vw, 300px\" \/>                                                              <\/div>\n              <div class=\"box-text text-left\" >\n                 <p><\/p>\n              <\/div>\n            <\/div>\n            <\/a>          <\/div>\n         <\/div><\/div>\n\n\n\t\t<\/div>\n\t\t\t\t\t<\/div>\n\n\t\n\n<\/div>","protected":false},"excerpt":{"rendered":"","protected":false},"author":1,"featured_media":0,"parent":0,"menu_order":0,"comment_status":"closed","ping_status":"closed","template":"","meta":{"_joinchat":[],"footnotes":""},"class_list":["post-419","page","type-page","status-publish","hentry"],"_links":{"self":[{"href":"https:\/\/turistarg.com\/pt\/wp-json\/wp\/v2\/pages\/419","targetHints":{"allow":["GET"]}}],"collection":[{"href":"https:\/\/turistarg.com\/pt\/wp-json\/wp\/v2\/pages"}],"about":[{"href":"https:\/\/turistarg.com\/pt\/wp-json\/wp\/v2\/types\/page"}],"author":[{"embeddable":true,"href":"https:\/\/turistarg.com\/pt\/wp-json\/wp\/v2\/users\/1"}],"replies":[{"embeddable":true,"href":"https:\/\/turistarg.com\/pt\/wp-json\/wp\/v2\/comments?post=419"}],"version-history":[{"count":5,"href":"https:\/\/turistarg.com\/pt\/wp-json\/wp\/v2\/pages\/419\/revisions"}],"predecessor-version":[{"id":480,"href":"https:\/\/turistarg.com\/pt\/wp-json\/wp\/v2\/pages\/419\/revisions\/480"}],"wp:attachment":[{"href":"https:\/\/turistarg.com\/pt\/wp-json\/wp\/v2\/media?parent=419"}],"curies":[{"name":"wp","href":"https:\/\/api.w.org\/{rel}","templated":true}]}}