{"id":482,"date":"2024-07-19T20:41:08","date_gmt":"2024-07-19T23:41:08","guid":{"rendered":"https:\/\/tbttravelba.com\/?page_id=482"},"modified":"2024-07-19T20:47:40","modified_gmt":"2024-07-19T23:47:40","slug":"mendoza","status":"publish","type":"page","link":"https:\/\/turistarg.com\/pt\/mendoza\/","title":{"rendered":"Mendoza"},"content":{"rendered":"<div class=\"row\"  id=\"row-2087140968\">\n\n\n\t<div id=\"col-1905976967\" class=\"col medium-6 small-12 large-6\"  >\n\t\t\t\t<div class=\"col-inner\"  >\n\t\t\t\n\t\t\t\n\n\t<div class=\"img has-hover x md-x lg-x y md-y lg-y\" id=\"image_1875379136\">\n\t\t\t\t\t\t\t\t<div class=\"img-inner dark\" >\n\t\t\t<img loading=\"lazy\" decoding=\"async\" width=\"1920\" height=\"1080\" src=\"https:\/\/turistarg.com\/wp-content\/uploads\/2024\/07\/mendoza-2.jpg\" class=\"attachment-original size-original\" alt=\"mendoza\" srcset=\"https:\/\/turistarg.com\/wp-content\/uploads\/2024\/07\/mendoza-2.jpg 1920w, https:\/\/turistarg.com\/wp-content\/uploads\/2024\/07\/mendoza-2-300x169.jpg 300w, https:\/\/turistarg.com\/wp-content\/uploads\/2024\/07\/mendoza-2-1024x576.jpg 1024w, https:\/\/turistarg.com\/wp-content\/uploads\/2024\/07\/mendoza-2-768x432.jpg 768w, https:\/\/turistarg.com\/wp-content\/uploads\/2024\/07\/mendoza-2-1536x864.jpg 1536w, https:\/\/turistarg.com\/wp-content\/uploads\/2024\/07\/mendoza-2-18x10.jpg 18w, https:\/\/turistarg.com\/wp-content\/uploads\/2024\/07\/mendoza-2-600x338.jpg 600w, https:\/\/turistarg.com\/wp-content\/uploads\/2024\/07\/mendoza-2-1000x563.jpg 1000w\" sizes=\"auto, (max-width: 1920px) 100vw, 1920px\" \/>\t\t\t\t\t\t\n\t\t\t\t\t<\/div>\n\t\t\t\t\t\t\t\t\n<style>\n#image_1875379136 {\n  width: 100%;\n}\n<\/style>\n\t<\/div>\n\t\n\n\n\t\t<\/div>\n\t\t\t\t\t<\/div>\n\n\t\n\n\t<div id=\"col-281457603\" class=\"col medium-6 small-12 large-6\"  >\n\t\t\t\t<div class=\"col-inner\"  >\n\t\t\t\n\t\t\t\n\n<h1>Mendoza<\/h1>\n<p>Mendoza es una ciudad de la regi\u00f3n de Cuyo en Argentina y es el coraz\u00f3n de la zona vitivin\u00edcola argentina, famosa por sus Malbecs y otros vinos tintos. Sus distintas bodegas ofrecen degustaciones y visitas guiadas.<\/p>\n<p>La ciudad tiene calles amplias y frondosas rodeadas de edificios modernos y art d\u00e9co, y con plazas m\u00e1s peque\u00f1as que rodean la Plaza Independencia, sitio del Museo Municipal de Arte Moderno subterr\u00e1neo, que exhibe arte moderno y contempor\u00e1neo.<\/p>\n\n\n\t\t<\/div>\n\t\t\t\t\t<\/div>\n\n\t\n\n<\/div>\n<div class=\"row align-center\"  id=\"row-481504326\">\n\n\n\t<div id=\"col-589054358\" class=\"col medium-9 small-12 large-9\"  >\n\t\t\t\t<div class=\"col-inner\"  >\n\t\t\t\n\t\t\t\n\n\n  \n    <div class=\"row large-columns-2 medium-columns- small-columns-\" >\n  <div class=\"gallery-col col\" data-animate=\"fadeInUp\">\n          <div class=\"col-inner\">\n            <a class=\"image-lightbox lightbox-gallery\" href=\"https:\/\/turistarg.com\/wp-content\/uploads\/2024\/07\/aconcagua.jpg\" title=\"\">            <div class=\"box has-hover gallery-box box-default\">\n              <div class=\"box-image image-zoom image-cover\" style=\"border-radius:4%;padding-top:56.25%;\">\n                <img loading=\"lazy\" decoding=\"async\" width=\"300\" height=\"200\" src=\"https:\/\/turistarg.com\/wp-content\/uploads\/2024\/07\/aconcagua-300x200.jpg\" class=\"attachment-medium size-medium\" alt=\"\" ids=\"486,488\" style=\"default\" lightbox_image_size=\"original\" columns=\"2\" animate=\"fadeInUp\" image_height=\"56.25%\" image_radius=\"4\" image_hover=\"zoom\" srcset=\"https:\/\/turistarg.com\/wp-content\/uploads\/2024\/07\/aconcagua-300x200.jpg 300w, https:\/\/turistarg.com\/wp-content\/uploads\/2024\/07\/aconcagua-18x12.jpg 18w, https:\/\/turistarg.com\/wp-content\/uploads\/2024\/07\/aconcagua-600x400.jpg 600w, https:\/\/turistarg.com\/wp-content\/uploads\/2024\/07\/aconcagua.jpg 669w\" sizes=\"auto, (max-width: 300px) 100vw, 300px\" \/>                                                              <\/div>\n              <div class=\"box-text text-left\" >\n                 <p><\/p>\n              <\/div>\n            <\/div>\n            <\/a>          <\/div>\n         <\/div><div class=\"gallery-col col\" data-animate=\"fadeInUp\">\n          <div class=\"col-inner\">\n            <a class=\"image-lightbox lightbox-gallery\" href=\"https:\/\/turistarg.com\/wp-content\/uploads\/2024\/07\/mendoza.jpg\" title=\"\">            <div class=\"box has-hover gallery-box box-default\">\n              <div class=\"box-image image-zoom image-cover\" style=\"border-radius:4%;padding-top:56.25%;\">\n                <img loading=\"lazy\" decoding=\"async\" width=\"300\" height=\"200\" src=\"https:\/\/turistarg.com\/wp-content\/uploads\/2024\/07\/mendoza-300x200.jpg\" class=\"attachment-medium size-medium\" alt=\"\" ids=\"486,488\" style=\"default\" lightbox_image_size=\"original\" columns=\"2\" animate=\"fadeInUp\" image_height=\"56.25%\" image_radius=\"4\" image_hover=\"zoom\" srcset=\"https:\/\/turistarg.com\/wp-content\/uploads\/2024\/07\/mendoza-300x200.jpg 300w, https:\/\/turistarg.com\/wp-content\/uploads\/2024\/07\/mendoza-1024x683.jpg 1024w, https:\/\/turistarg.com\/wp-content\/uploads\/2024\/07\/mendoza-768x512.jpg 768w, https:\/\/turistarg.com\/wp-content\/uploads\/2024\/07\/mendoza-18x12.jpg 18w, https:\/\/turistarg.com\/wp-content\/uploads\/2024\/07\/mendoza-600x400.jpg 600w, https:\/\/turistarg.com\/wp-content\/uploads\/2024\/07\/mendoza-1000x667.jpg 1000w, https:\/\/turistarg.com\/wp-content\/uploads\/2024\/07\/mendoza.jpg 1200w\" sizes=\"auto, (max-width: 300px) 100vw, 300px\" \/>                                                              <\/div>\n              <div class=\"box-text text-left\" >\n                 <p><\/p>\n              <\/div>\n            <\/div>\n            <\/a>          <\/div>\n         <\/div><\/div>\n\n<h2>Para m\u00e1s informaci\u00f3n ingres\u00e1 tus datos en este formulario<\/h2>\n\n<div class=\"wpcf7 no-js\" id=\"wpcf7-f481-o1\" lang=\"es-AR\" dir=\"ltr\">\n<div class=\"screen-reader-response\"><p role=\"status\" aria-live=\"polite\" aria-atomic=\"true\"><\/p> <ul><\/ul><\/div>\n<form action=\"\/pt\/wp-json\/wp\/v2\/pages\/482#wpcf7-f481-o1\" method=\"post\" class=\"wpcf7-form init\" aria-label=\"Formulario de contacto\" novalidate=\"novalidate\" data-status=\"init\" data-trp-original-action=\"\/pt\/wp-json\/wp\/v2\/pages\/482#wpcf7-f481-o1\">\n<div style=\"display: none;\">\n<input type=\"hidden\" name=\"_wpcf7\" value=\"481\" \/>\n<input type=\"hidden\" name=\"_wpcf7_version\" value=\"5.9.8\" \/>\n<input type=\"hidden\" name=\"_wpcf7_locale\" value=\"es_AR\" \/>\n<input type=\"hidden\" name=\"_wpcf7_unit_tag\" value=\"wpcf7-f481-o1\" \/>\n<input type=\"hidden\" name=\"_wpcf7_container_post\" value=\"0\" \/>\n<input type=\"hidden\" name=\"_wpcf7_posted_data_hash\" value=\"\" \/>\n<\/div>\n<p><label> Nome completo<br \/>\n<span class=\"wpcf7-form-control-wrap\" data-name=\"your-name\"><input size=\"40\" maxlength=\"400\" class=\"wpcf7-form-control wpcf7-text wpcf7-validates-as-required\" autocomplete=\"name\" aria-required=\"true\" aria-invalid=\"false\" value=\"\" type=\"text\" name=\"your-name\" \/><\/span> <\/label>\n<\/p>\n<p><label> E-mail<br \/>\n<span class=\"wpcf7-form-control-wrap\" data-name=\"your-email\"><input size=\"40\" maxlength=\"400\" class=\"wpcf7-form-control wpcf7-email wpcf7-validates-as-required wpcf7-text wpcf7-validates-as-email\" autocomplete=\"email\" aria-required=\"true\" aria-invalid=\"false\" value=\"\" type=\"email\" name=\"your-email\" \/><\/span> <\/label>\n<\/p>\n<p><label> Chegada<br \/>\n<span class=\"wpcf7-form-control-wrap\" data-name=\"llegada\"><input class=\"wpcf7-form-control wpcf7-date wpcf7-validates-as-required wpcf7-validates-as-date\" aria-required=\"true\" aria-invalid=\"false\" value=\"\" type=\"date\" name=\"llegada\" \/><\/span> <\/label>\n<\/p>\n<p><label> Colo<br \/>\n<span class=\"wpcf7-form-control-wrap\" data-name=\"vuelta\"><input class=\"wpcf7-form-control wpcf7-date wpcf7-validates-as-required wpcf7-validates-as-date\" aria-required=\"true\" aria-invalid=\"false\" value=\"\" type=\"date\" name=\"vuelta\" \/><\/span> <\/label>\n<\/p>\n<p><label> Adultos<br \/>\n<span class=\"wpcf7-form-control-wrap\" data-name=\"adultos\"><input class=\"wpcf7-form-control wpcf7-number wpcf7-validates-as-required wpcf7-validates-as-number\" aria-required=\"true\" aria-invalid=\"false\" value=\"\" type=\"number\" name=\"adultos\" \/><\/span> <\/label>\n<\/p>\n<p><label> Crian\u00e7as<br \/>\n<span class=\"wpcf7-form-control-wrap\" data-name=\"ninos\"><input class=\"wpcf7-form-control wpcf7-number wpcf7-validates-as-number\" aria-invalid=\"false\" value=\"\" type=\"number\" name=\"ninos\" \/><\/span> <\/label>\n<\/p>\n<p><label> \u00bfQu\u00e9 servicios precisas? <\/label><br \/>\n<span class=\"wpcf7-form-control-wrap\" data-name=\"paquete\"><span class=\"wpcf7-form-control wpcf7-checkbox wpcf7-validates-as-required\"><span class=\"wpcf7-list-item first\"><label><input type=\"checkbox\" name=\"paquete[]\" value=\"Pasajes A\u00e9ros\" \/><span class=\"wpcf7-list-item-label\">Passagens a\u00e9reas<\/span><\/label><\/span><span class=\"wpcf7-list-item\"><label><input type=\"checkbox\" name=\"paquete[]\" value=\"Hotel\" \/><span class=\"wpcf7-list-item-label\">Hotel<\/span><\/label><\/span><span class=\"wpcf7-list-item last\"><label><input type=\"checkbox\" name=\"paquete[]\" value=\"Traslados\" \/><span class=\"wpcf7-list-item-label\">Transfer\u00eancias<\/span><\/label><\/span><\/span><\/span>\n<\/p>\n<p><label> \u00bfCu\u00e1les experiencias te gustar\u00edan disfrutar? <\/label><br \/>\n<span class=\"wpcf7-form-control-wrap\" data-name=\"paseos\"><span class=\"wpcf7-form-control wpcf7-checkbox wpcf7-validates-as-required\"><span class=\"wpcf7-list-item first\"><label><input type=\"checkbox\" name=\"paseos[]\" value=\"Alta Monta\u00f1a\" \/><span class=\"wpcf7-list-item-label\">Alta Monta\u00f1a<\/span><\/label><\/span><span class=\"wpcf7-list-item\"><label><input type=\"checkbox\" name=\"paseos[]\" value=\"Caminos del Vino\" \/><span class=\"wpcf7-list-item-label\">Caminos del Vino<\/span><\/label><\/span><span class=\"wpcf7-list-item\"><label><input type=\"checkbox\" name=\"paseos[]\" value=\"Visita + Bodega\" \/><span class=\"wpcf7-list-item-label\">Visita + Bodega<\/span><\/label><\/span><span class=\"wpcf7-list-item last\"><label><input type=\"checkbox\" name=\"paseos[]\" value=\"Visita + Degustacion en Aceitera\" \/><span class=\"wpcf7-list-item-label\">Visita + Degustacion en Aceitera<\/span><\/label><\/span><\/span><\/span>\n<\/p>\n<p><label> Mensagem (opcional)<br \/>\n<span class=\"wpcf7-form-control-wrap\" data-name=\"your-message\"><textarea cols=\"40\" rows=\"10\" maxlength=\"2000\" class=\"wpcf7-form-control wpcf7-textarea\" aria-invalid=\"false\" name=\"your-message\"><\/textarea><\/span> <\/label>\n<\/p>\n<p><input class=\"wpcf7-form-control wpcf7-submit has-spinner\" type=\"submit\" value=\"Enviar\" \/>\n<\/p><div class=\"wpcf7-response-output\" aria-hidden=\"true\"><\/div>\n<input type=\"hidden\" name=\"trp-form-language\" value=\"pt\"\/><\/form>\n<\/div>\n\n\n\n  \n    <div class=\"row large-columns-3 medium-columns- small-columns-2\" >\n  <div class=\"gallery-col col\" data-animate=\"fadeInUp\">\n          <div class=\"col-inner\">\n            <a class=\"image-lightbox lightbox-gallery\" href=\"https:\/\/turistarg.com\/wp-content\/uploads\/2024\/07\/rutini.jpg\" title=\"\">            <div class=\"box has-hover gallery-box box-default\">\n              <div class=\"box-image image-zoom image-cover\" style=\"border-radius:4%;padding-top:100%;\">\n                <img loading=\"lazy\" decoding=\"async\" width=\"300\" height=\"149\" src=\"https:\/\/turistarg.com\/wp-content\/uploads\/2024\/07\/rutini-300x149.jpg\" class=\"attachment-medium size-medium\" alt=\"\" ids=\"487,489,490\" style=\"default\" lightbox_image_size=\"original\" columns=\"3\" animate=\"fadeInUp\" image_height=\"100%\" image_radius=\"4\" image_hover=\"zoom\" srcset=\"https:\/\/turistarg.com\/wp-content\/uploads\/2024\/07\/rutini-300x149.jpg 300w, https:\/\/turistarg.com\/wp-content\/uploads\/2024\/07\/rutini-1024x510.jpg 1024w, https:\/\/turistarg.com\/wp-content\/uploads\/2024\/07\/rutini-768x383.jpg 768w, https:\/\/turistarg.com\/wp-content\/uploads\/2024\/07\/rutini-18x9.jpg 18w, https:\/\/turistarg.com\/wp-content\/uploads\/2024\/07\/rutini-600x299.jpg 600w, https:\/\/turistarg.com\/wp-content\/uploads\/2024\/07\/rutini-1000x498.jpg 1000w, https:\/\/turistarg.com\/wp-content\/uploads\/2024\/07\/rutini.jpg 1170w\" sizes=\"auto, (max-width: 300px) 100vw, 300px\" \/>                                                              <\/div>\n              <div class=\"box-text text-left\" >\n                 <p><\/p>\n              <\/div>\n            <\/div>\n            <\/a>          <\/div>\n         <\/div><div class=\"gallery-col col\" data-animate=\"fadeInUp\">\n          <div class=\"col-inner\">\n            <a class=\"image-lightbox lightbox-gallery\" href=\"https:\/\/turistarg.com\/wp-content\/uploads\/2024\/07\/inca.jpg\" title=\"\">            <div class=\"box has-hover gallery-box box-default\">\n              <div class=\"box-image image-zoom image-cover\" style=\"border-radius:4%;padding-top:100%;\">\n                <img loading=\"lazy\" decoding=\"async\" width=\"300\" height=\"169\" src=\"https:\/\/turistarg.com\/wp-content\/uploads\/2024\/07\/inca-300x169.jpg\" class=\"attachment-medium size-medium\" alt=\"\" ids=\"487,489,490\" style=\"default\" lightbox_image_size=\"original\" columns=\"3\" animate=\"fadeInUp\" image_height=\"100%\" image_radius=\"4\" image_hover=\"zoom\" srcset=\"https:\/\/turistarg.com\/wp-content\/uploads\/2024\/07\/inca-300x169.jpg 300w, https:\/\/turistarg.com\/wp-content\/uploads\/2024\/07\/inca-1024x576.jpg 1024w, https:\/\/turistarg.com\/wp-content\/uploads\/2024\/07\/inca-768x432.jpg 768w, https:\/\/turistarg.com\/wp-content\/uploads\/2024\/07\/inca-18x10.jpg 18w, https:\/\/turistarg.com\/wp-content\/uploads\/2024\/07\/inca-600x338.jpg 600w, https:\/\/turistarg.com\/wp-content\/uploads\/2024\/07\/inca-1000x563.jpg 1000w, https:\/\/turistarg.com\/wp-content\/uploads\/2024\/07\/inca.jpg 1200w\" sizes=\"auto, (max-width: 300px) 100vw, 300px\" \/>                                                              <\/div>\n              <div class=\"box-text text-left\" >\n                 <p><\/p>\n              <\/div>\n            <\/div>\n            <\/a>          <\/div>\n         <\/div><div class=\"gallery-col col\" data-animate=\"fadeInUp\">\n          <div class=\"col-inner\">\n            <a class=\"image-lightbox lightbox-gallery\" href=\"https:\/\/turistarg.com\/wp-content\/uploads\/2024\/07\/rafting.jpg\" title=\"\">            <div class=\"box has-hover gallery-box box-default\">\n              <div class=\"box-image image-zoom image-cover\" style=\"border-radius:4%;padding-top:100%;\">\n                <img loading=\"lazy\" decoding=\"async\" width=\"300\" height=\"189\" src=\"https:\/\/turistarg.com\/wp-content\/uploads\/2024\/07\/rafting-300x189.jpg\" class=\"attachment-medium size-medium\" alt=\"\" ids=\"487,489,490\" style=\"default\" lightbox_image_size=\"original\" columns=\"3\" animate=\"fadeInUp\" image_height=\"100%\" image_radius=\"4\" image_hover=\"zoom\" srcset=\"https:\/\/turistarg.com\/wp-content\/uploads\/2024\/07\/rafting-300x189.jpg 300w, https:\/\/turistarg.com\/wp-content\/uploads\/2024\/07\/rafting-18x12.jpg 18w, https:\/\/turistarg.com\/wp-content\/uploads\/2024\/07\/rafting.jpg 512w\" sizes=\"auto, (max-width: 300px) 100vw, 300px\" \/>                                                              <\/div>\n              <div class=\"box-text text-left\" >\n                 <p><\/p>\n              <\/div>\n            <\/div>\n            <\/a>          <\/div>\n         <\/div><\/div>\n\n\n\t\t<\/div>\n\t\t\t\t\t<\/div>\n\n\t\n\n<\/div>","protected":false},"excerpt":{"rendered":"","protected":false},"author":1,"featured_media":0,"parent":0,"menu_order":0,"comment_status":"closed","ping_status":"closed","template":"","meta":{"_joinchat":[],"footnotes":""},"class_list":["post-482","page","type-page","status-publish","hentry"],"_links":{"self":[{"href":"https:\/\/turistarg.com\/pt\/wp-json\/wp\/v2\/pages\/482","targetHints":{"allow":["GET"]}}],"collection":[{"href":"https:\/\/turistarg.com\/pt\/wp-json\/wp\/v2\/pages"}],"about":[{"href":"https:\/\/turistarg.com\/pt\/wp-json\/wp\/v2\/types\/page"}],"author":[{"embeddable":true,"href":"https:\/\/turistarg.com\/pt\/wp-json\/wp\/v2\/users\/1"}],"replies":[{"embeddable":true,"href":"https:\/\/turistarg.com\/pt\/wp-json\/wp\/v2\/comments?post=482"}],"version-history":[{"count":2,"href":"https:\/\/turistarg.com\/pt\/wp-json\/wp\/v2\/pages\/482\/revisions"}],"predecessor-version":[{"id":491,"href":"https:\/\/turistarg.com\/pt\/wp-json\/wp\/v2\/pages\/482\/revisions\/491"}],"wp:attachment":[{"href":"https:\/\/turistarg.com\/pt\/wp-json\/wp\/v2\/media?parent=482"}],"curies":[{"name":"wp","href":"https:\/\/api.w.org\/{rel}","templated":true}]}}