{"id":494,"date":"2024-07-19T20:50:35","date_gmt":"2024-07-19T23:50:35","guid":{"rendered":"https:\/\/tbttravelba.com\/?page_id=494"},"modified":"2024-07-19T20:56:28","modified_gmt":"2024-07-19T23:56:28","slug":"iguazu","status":"publish","type":"page","link":"https:\/\/turistarg.com\/pt\/iguazu\/","title":{"rendered":"Iguaz\u00fa"},"content":{"rendered":"<div class=\"row\"  id=\"row-748498256\">\n\n\n\t<div id=\"col-1456158910\" class=\"col medium-6 small-12 large-6\"  >\n\t\t\t\t<div class=\"col-inner\"  >\n\t\t\t\n\t\t\t\n\n\t<div class=\"img has-hover x md-x lg-x y md-y lg-y\" id=\"image_1183515779\">\n\t\t\t\t\t\t\t\t<div class=\"img-inner dark\" >\n\t\t\t<img loading=\"lazy\" decoding=\"async\" width=\"754\" height=\"390\" src=\"https:\/\/turistarg.com\/wp-content\/uploads\/2024\/07\/97.jpg\" class=\"attachment-original size-original\" alt=\"\" srcset=\"https:\/\/turistarg.com\/wp-content\/uploads\/2024\/07\/97.jpg 754w, https:\/\/turistarg.com\/wp-content\/uploads\/2024\/07\/97-300x155.jpg 300w, https:\/\/turistarg.com\/wp-content\/uploads\/2024\/07\/97-18x9.jpg 18w, https:\/\/turistarg.com\/wp-content\/uploads\/2024\/07\/97-600x310.jpg 600w\" sizes=\"auto, (max-width: 754px) 100vw, 754px\" \/>\t\t\t\t\t\t\n\t\t\t\t\t<\/div>\n\t\t\t\t\t\t\t\t\n<style>\n#image_1183515779 {\n  width: 100%;\n}\n<\/style>\n\t<\/div>\n\t\n\n\n\t\t<\/div>\n\t\t\t\t\t<\/div>\n\n\t\n\n\t<div id=\"col-1930453541\" class=\"col medium-6 small-12 large-6\"  >\n\t\t\t\t<div class=\"col-inner\"  >\n\t\t\t\n\t\t\t\n\n<h1>Iguaz\u00fa<\/h1>\n<p>Puerto Iguaz\u00fa es una ciudad de la provincia de Misiones, en el extremo nordeste de la Argentina. Esta localidad se encuentra situada a 14 km de las cataratas del Iguaz\u00fa, una de las Siete maravillas naturales del mundo.<\/p>\n\n\n\t\t<\/div>\n\t\t\t\t\t<\/div>\n\n\t\n\n<\/div>\n<div class=\"row align-center\"  id=\"row-1542681441\">\n\n\n\t<div id=\"col-361248206\" class=\"col medium-9 small-12 large-9\"  >\n\t\t\t\t<div class=\"col-inner\"  >\n\t\t\t\n\t\t\t\n\n\n  \n    <div class=\"row large-columns-2 medium-columns- small-columns-\" >\n  <div class=\"gallery-col col\" data-animate=\"fadeInUp\">\n          <div class=\"col-inner\">\n            <a class=\"image-lightbox lightbox-gallery\" href=\"https:\/\/turistarg.com\/wp-content\/uploads\/2024\/07\/0741409b-lm-83108-1697ceb7c46.jpg\" title=\"\">            <div class=\"box has-hover gallery-box box-default\">\n              <div class=\"box-image image-zoom image-cover\" style=\"border-radius:4%;padding-top:56.25%;\">\n                <img loading=\"lazy\" decoding=\"async\" width=\"300\" height=\"169\" src=\"https:\/\/turistarg.com\/wp-content\/uploads\/2024\/07\/0741409b-lm-83108-1697ceb7c46-300x169.jpg\" class=\"attachment-medium size-medium\" alt=\"\" ids=\"501,502\" style=\"default\" lightbox_image_size=\"original\" columns=\"2\" animate=\"fadeInUp\" image_height=\"56.25%\" image_radius=\"4\" image_hover=\"zoom\" srcset=\"https:\/\/turistarg.com\/wp-content\/uploads\/2024\/07\/0741409b-lm-83108-1697ceb7c46-300x169.jpg 300w, https:\/\/turistarg.com\/wp-content\/uploads\/2024\/07\/0741409b-lm-83108-1697ceb7c46-1024x576.jpg 1024w, https:\/\/turistarg.com\/wp-content\/uploads\/2024\/07\/0741409b-lm-83108-1697ceb7c46-768x432.jpg 768w, https:\/\/turistarg.com\/wp-content\/uploads\/2024\/07\/0741409b-lm-83108-1697ceb7c46-18x10.jpg 18w, https:\/\/turistarg.com\/wp-content\/uploads\/2024\/07\/0741409b-lm-83108-1697ceb7c46-600x337.jpg 600w, https:\/\/turistarg.com\/wp-content\/uploads\/2024\/07\/0741409b-lm-83108-1697ceb7c46-1000x562.jpg 1000w, https:\/\/turistarg.com\/wp-content\/uploads\/2024\/07\/0741409b-lm-83108-1697ceb7c46.jpg 1366w\" sizes=\"auto, (max-width: 300px) 100vw, 300px\" \/>                                                              <\/div>\n              <div class=\"box-text text-left\" >\n                 <p><\/p>\n              <\/div>\n            <\/div>\n            <\/a>          <\/div>\n         <\/div><div class=\"gallery-col col\" data-animate=\"fadeInUp\">\n          <div class=\"col-inner\">\n            <a class=\"image-lightbox lightbox-gallery\" href=\"https:\/\/turistarg.com\/wp-content\/uploads\/2024\/07\/sBZxYodG-_720x0__1.jpg\" title=\"\">            <div class=\"box has-hover gallery-box box-default\">\n              <div class=\"box-image image-zoom image-cover\" style=\"border-radius:4%;padding-top:56.25%;\">\n                <img loading=\"lazy\" decoding=\"async\" width=\"300\" height=\"225\" src=\"https:\/\/turistarg.com\/wp-content\/uploads\/2024\/07\/sBZxYodG-_720x0__1-300x225.jpg\" class=\"attachment-medium size-medium\" alt=\"\" ids=\"501,502\" style=\"default\" lightbox_image_size=\"original\" columns=\"2\" animate=\"fadeInUp\" image_height=\"56.25%\" image_radius=\"4\" image_hover=\"zoom\" srcset=\"https:\/\/turistarg.com\/wp-content\/uploads\/2024\/07\/sBZxYodG-_720x0__1-300x225.jpg 300w, https:\/\/turistarg.com\/wp-content\/uploads\/2024\/07\/sBZxYodG-_720x0__1-16x12.jpg 16w, https:\/\/turistarg.com\/wp-content\/uploads\/2024\/07\/sBZxYodG-_720x0__1-600x450.jpg 600w, https:\/\/turistarg.com\/wp-content\/uploads\/2024\/07\/sBZxYodG-_720x0__1.jpg 720w\" sizes=\"auto, (max-width: 300px) 100vw, 300px\" \/>                                                              <\/div>\n              <div class=\"box-text text-left\" >\n                 <p><\/p>\n              <\/div>\n            <\/div>\n            <\/a>          <\/div>\n         <\/div><\/div>\n\n<h2>Para m\u00e1s informaci\u00f3n ingres\u00e1 tus datos en este formulario<\/h2>\n\n<div class=\"wpcf7 no-js\" id=\"wpcf7-f493-o1\" lang=\"es-AR\" dir=\"ltr\">\n<div class=\"screen-reader-response\"><p role=\"status\" aria-live=\"polite\" aria-atomic=\"true\"><\/p> <ul><\/ul><\/div>\n<form action=\"\/pt\/wp-json\/wp\/v2\/pages\/494#wpcf7-f493-o1\" method=\"post\" class=\"wpcf7-form init\" aria-label=\"Formulario de contacto\" novalidate=\"novalidate\" data-status=\"init\" data-trp-original-action=\"\/pt\/wp-json\/wp\/v2\/pages\/494#wpcf7-f493-o1\">\n<div style=\"display: none;\">\n<input type=\"hidden\" name=\"_wpcf7\" value=\"493\" \/>\n<input type=\"hidden\" name=\"_wpcf7_version\" value=\"5.9.8\" \/>\n<input type=\"hidden\" name=\"_wpcf7_locale\" value=\"es_AR\" \/>\n<input type=\"hidden\" name=\"_wpcf7_unit_tag\" value=\"wpcf7-f493-o1\" \/>\n<input type=\"hidden\" name=\"_wpcf7_container_post\" value=\"0\" \/>\n<input type=\"hidden\" name=\"_wpcf7_posted_data_hash\" value=\"\" \/>\n<\/div>\n<p><label> Nome completo<br \/>\n<span class=\"wpcf7-form-control-wrap\" data-name=\"your-name\"><input size=\"40\" maxlength=\"400\" class=\"wpcf7-form-control wpcf7-text wpcf7-validates-as-required\" autocomplete=\"name\" aria-required=\"true\" aria-invalid=\"false\" value=\"\" type=\"text\" name=\"your-name\" \/><\/span> <\/label>\n<\/p>\n<p><label> E-mail<br \/>\n<span class=\"wpcf7-form-control-wrap\" data-name=\"your-email\"><input size=\"40\" maxlength=\"400\" class=\"wpcf7-form-control wpcf7-email wpcf7-validates-as-required wpcf7-text wpcf7-validates-as-email\" autocomplete=\"email\" aria-required=\"true\" aria-invalid=\"false\" value=\"\" type=\"email\" name=\"your-email\" \/><\/span> <\/label>\n<\/p>\n<p><label> Chegada<br \/>\n<span class=\"wpcf7-form-control-wrap\" data-name=\"llegada\"><input class=\"wpcf7-form-control wpcf7-date wpcf7-validates-as-required wpcf7-validates-as-date\" aria-required=\"true\" aria-invalid=\"false\" value=\"\" type=\"date\" name=\"llegada\" \/><\/span> <\/label>\n<\/p>\n<p><label> Colo<br \/>\n<span class=\"wpcf7-form-control-wrap\" data-name=\"vuelta\"><input class=\"wpcf7-form-control wpcf7-date wpcf7-validates-as-required wpcf7-validates-as-date\" aria-required=\"true\" aria-invalid=\"false\" value=\"\" type=\"date\" name=\"vuelta\" \/><\/span> <\/label>\n<\/p>\n<p><label> Adultos<br \/>\n<span class=\"wpcf7-form-control-wrap\" data-name=\"adultos\"><input class=\"wpcf7-form-control wpcf7-number wpcf7-validates-as-required wpcf7-validates-as-number\" aria-required=\"true\" aria-invalid=\"false\" value=\"\" type=\"number\" name=\"adultos\" \/><\/span> <\/label>\n<\/p>\n<p><label> Crian\u00e7as<br \/>\n<span class=\"wpcf7-form-control-wrap\" data-name=\"ninos\"><input class=\"wpcf7-form-control wpcf7-number wpcf7-validates-as-number\" aria-invalid=\"false\" value=\"\" type=\"number\" name=\"ninos\" \/><\/span> <\/label>\n<\/p>\n<p><label> \u00bfQu\u00e9 servicios precisas? <\/label><br \/>\n<span class=\"wpcf7-form-control-wrap\" data-name=\"paquete\"><span class=\"wpcf7-form-control wpcf7-checkbox wpcf7-validates-as-required\"><span class=\"wpcf7-list-item first\"><label><input type=\"checkbox\" name=\"paquete[]\" value=\"Pasajes A\u00e9ros\" \/><span class=\"wpcf7-list-item-label\">Passagens a\u00e9reas<\/span><\/label><\/span><span class=\"wpcf7-list-item\"><label><input type=\"checkbox\" name=\"paquete[]\" value=\"Hotel\" \/><span class=\"wpcf7-list-item-label\">Hotel<\/span><\/label><\/span><span class=\"wpcf7-list-item last\"><label><input type=\"checkbox\" name=\"paquete[]\" value=\"Traslados\" \/><span class=\"wpcf7-list-item-label\">Transfer\u00eancias<\/span><\/label><\/span><\/span><\/span>\n<\/p>\n<p><label> \u00bfCu\u00e1les experiencias te gustar\u00edan disfrutar? <\/label><br \/>\n<span class=\"wpcf7-form-control-wrap\" data-name=\"paseos\"><span class=\"wpcf7-form-control wpcf7-checkbox wpcf7-validates-as-required\"><span class=\"wpcf7-list-item first\"><label><input type=\"checkbox\" name=\"paseos[]\" value=\"Cataratas lado Argentino\" \/><span class=\"wpcf7-list-item-label\">Cataratas lado Argentino<\/span><\/label><\/span><span class=\"wpcf7-list-item\"><label><input type=\"checkbox\" name=\"paseos[]\" value=\"Cataratas lado Brasileiro\" \/><span class=\"wpcf7-list-item-label\">Cataratas lado Brasileiro<\/span><\/label><\/span><span class=\"wpcf7-list-item last\"><label><input type=\"checkbox\" name=\"paseos[]\" value=\"Parque de Aves\" \/><span class=\"wpcf7-list-item-label\">Parque de Aves<\/span><\/label><\/span><\/span><\/span>\n<\/p>\n<p><label> Mensagem (opcional)<br \/>\n<span class=\"wpcf7-form-control-wrap\" data-name=\"your-message\"><textarea cols=\"40\" rows=\"10\" maxlength=\"2000\" class=\"wpcf7-form-control wpcf7-textarea\" aria-invalid=\"false\" name=\"your-message\"><\/textarea><\/span> <\/label>\n<\/p>\n<p><input class=\"wpcf7-form-control wpcf7-submit has-spinner\" type=\"submit\" value=\"Enviar\" \/>\n<\/p><div class=\"wpcf7-response-output\" aria-hidden=\"true\"><\/div>\n<input type=\"hidden\" name=\"trp-form-language\" value=\"pt\"\/><\/form>\n<\/div>\n\n\n\n  \n    <div class=\"row large-columns-3 medium-columns- small-columns-2\" >\n  <div class=\"gallery-col col\" data-animate=\"fadeInUp\">\n          <div class=\"col-inner\">\n            <a class=\"image-lightbox lightbox-gallery\" href=\"https:\/\/turistarg.com\/wp-content\/uploads\/2024\/07\/parque-das-aves-birds-park-at-exuberant-iguazu-forest_0_201805231437130.jpg\" title=\"\">            <div class=\"box has-hover gallery-box box-default\">\n              <div class=\"box-image image-zoom image-cover\" style=\"border-radius:4%;padding-top:100%;\">\n                <img loading=\"lazy\" decoding=\"async\" width=\"300\" height=\"200\" src=\"https:\/\/turistarg.com\/wp-content\/uploads\/2024\/07\/parque-das-aves-birds-park-at-exuberant-iguazu-forest_0_201805231437130-300x200.jpg\" class=\"attachment-medium size-medium\" alt=\"\" ids=\"500,498,499\" style=\"default\" lightbox_image_size=\"original\" columns=\"3\" animate=\"fadeInUp\" image_height=\"100%\" image_radius=\"4\" image_hover=\"zoom\" srcset=\"https:\/\/turistarg.com\/wp-content\/uploads\/2024\/07\/parque-das-aves-birds-park-at-exuberant-iguazu-forest_0_201805231437130-300x200.jpg 300w, https:\/\/turistarg.com\/wp-content\/uploads\/2024\/07\/parque-das-aves-birds-park-at-exuberant-iguazu-forest_0_201805231437130-768x512.jpg 768w, https:\/\/turistarg.com\/wp-content\/uploads\/2024\/07\/parque-das-aves-birds-park-at-exuberant-iguazu-forest_0_201805231437130-18x12.jpg 18w, https:\/\/turistarg.com\/wp-content\/uploads\/2024\/07\/parque-das-aves-birds-park-at-exuberant-iguazu-forest_0_201805231437130-600x400.jpg 600w, https:\/\/turistarg.com\/wp-content\/uploads\/2024\/07\/parque-das-aves-birds-park-at-exuberant-iguazu-forest_0_201805231437130.jpg 800w\" sizes=\"auto, (max-width: 300px) 100vw, 300px\" \/>                                                              <\/div>\n              <div class=\"box-text text-left\" >\n                 <p><\/p>\n              <\/div>\n            <\/div>\n            <\/a>          <\/div>\n         <\/div><div class=\"gallery-col col\" data-animate=\"fadeInUp\">\n          <div class=\"col-inner\">\n            <a class=\"image-lightbox lightbox-gallery\" href=\"https:\/\/turistarg.com\/wp-content\/uploads\/2024\/07\/4CWipIQD2_2000x1500__1.webp\" title=\"\">            <div class=\"box has-hover gallery-box box-default\">\n              <div class=\"box-image image-zoom image-cover\" style=\"border-radius:4%;padding-top:100%;\">\n                <img loading=\"lazy\" decoding=\"async\" width=\"300\" height=\"225\" src=\"https:\/\/turistarg.com\/wp-content\/uploads\/2024\/07\/4CWipIQD2_2000x1500__1-300x225.webp\" class=\"attachment-medium size-medium\" alt=\"\" ids=\"500,498,499\" style=\"default\" lightbox_image_size=\"original\" columns=\"3\" animate=\"fadeInUp\" image_height=\"100%\" image_radius=\"4\" image_hover=\"zoom\" srcset=\"https:\/\/turistarg.com\/wp-content\/uploads\/2024\/07\/4CWipIQD2_2000x1500__1-300x225.webp 300w, https:\/\/turistarg.com\/wp-content\/uploads\/2024\/07\/4CWipIQD2_2000x1500__1-1024x768.webp 1024w, https:\/\/turistarg.com\/wp-content\/uploads\/2024\/07\/4CWipIQD2_2000x1500__1-768x576.webp 768w, https:\/\/turistarg.com\/wp-content\/uploads\/2024\/07\/4CWipIQD2_2000x1500__1-1536x1152.webp 1536w, https:\/\/turistarg.com\/wp-content\/uploads\/2024\/07\/4CWipIQD2_2000x1500__1-16x12.webp 16w, https:\/\/turistarg.com\/wp-content\/uploads\/2024\/07\/4CWipIQD2_2000x1500__1-600x450.webp 600w, https:\/\/turistarg.com\/wp-content\/uploads\/2024\/07\/4CWipIQD2_2000x1500__1-1000x750.webp 1000w, https:\/\/turistarg.com\/wp-content\/uploads\/2024\/07\/4CWipIQD2_2000x1500__1.webp 2000w\" sizes=\"auto, (max-width: 300px) 100vw, 300px\" \/>                                                              <\/div>\n              <div class=\"box-text text-left\" >\n                 <p><\/p>\n              <\/div>\n            <\/div>\n            <\/a>          <\/div>\n         <\/div><div class=\"gallery-col col\" data-animate=\"fadeInUp\">\n          <div class=\"col-inner\">\n            <a class=\"image-lightbox lightbox-gallery\" href=\"https:\/\/turistarg.com\/wp-content\/uploads\/2024\/07\/aves-del-parque.jpg\" title=\"\">            <div class=\"box has-hover gallery-box box-default\">\n              <div class=\"box-image image-zoom image-cover\" style=\"border-radius:4%;padding-top:100%;\">\n                <img loading=\"lazy\" decoding=\"async\" width=\"300\" height=\"183\" src=\"https:\/\/turistarg.com\/wp-content\/uploads\/2024\/07\/aves-del-parque-300x183.jpg\" class=\"attachment-medium size-medium\" alt=\"\" ids=\"500,498,499\" style=\"default\" lightbox_image_size=\"original\" columns=\"3\" animate=\"fadeInUp\" image_height=\"100%\" image_radius=\"4\" image_hover=\"zoom\" srcset=\"https:\/\/turistarg.com\/wp-content\/uploads\/2024\/07\/aves-del-parque-300x183.jpg 300w, https:\/\/turistarg.com\/wp-content\/uploads\/2024\/07\/aves-del-parque-768x469.jpg 768w, https:\/\/turistarg.com\/wp-content\/uploads\/2024\/07\/aves-del-parque-18x12.jpg 18w, https:\/\/turistarg.com\/wp-content\/uploads\/2024\/07\/aves-del-parque-600x367.jpg 600w, https:\/\/turistarg.com\/wp-content\/uploads\/2024\/07\/aves-del-parque.jpg 900w\" sizes=\"auto, (max-width: 300px) 100vw, 300px\" \/>                                                              <\/div>\n              <div class=\"box-text text-left\" >\n                 <p><\/p>\n              <\/div>\n            <\/div>\n            <\/a>          <\/div>\n         <\/div><\/div>\n\n\n\t\t<\/div>\n\t\t\t\t\t<\/div>\n\n\t\n\n<\/div>","protected":false},"excerpt":{"rendered":"","protected":false},"author":1,"featured_media":0,"parent":0,"menu_order":0,"comment_status":"closed","ping_status":"closed","template":"","meta":{"_joinchat":[],"footnotes":""},"class_list":["post-494","page","type-page","status-publish","hentry"],"_links":{"self":[{"href":"https:\/\/turistarg.com\/pt\/wp-json\/wp\/v2\/pages\/494","targetHints":{"allow":["GET"]}}],"collection":[{"href":"https:\/\/turistarg.com\/pt\/wp-json\/wp\/v2\/pages"}],"about":[{"href":"https:\/\/turistarg.com\/pt\/wp-json\/wp\/v2\/types\/page"}],"author":[{"embeddable":true,"href":"https:\/\/turistarg.com\/pt\/wp-json\/wp\/v2\/users\/1"}],"replies":[{"embeddable":true,"href":"https:\/\/turistarg.com\/pt\/wp-json\/wp\/v2\/comments?post=494"}],"version-history":[{"count":2,"href":"https:\/\/turistarg.com\/pt\/wp-json\/wp\/v2\/pages\/494\/revisions"}],"predecessor-version":[{"id":503,"href":"https:\/\/turistarg.com\/pt\/wp-json\/wp\/v2\/pages\/494\/revisions\/503"}],"wp:attachment":[{"href":"https:\/\/turistarg.com\/pt\/wp-json\/wp\/v2\/media?parent=494"}],"curies":[{"name":"wp","href":"https:\/\/api.w.org\/{rel}","templated":true}]}}