{"id":376,"date":"2024-07-11T21:39:01","date_gmt":"2024-07-12T00:39:01","guid":{"rendered":"https:\/\/tbttravelba.com\/?post_type=product&#038;p=376"},"modified":"2024-09-01T23:17:06","modified_gmt":"2024-09-02T02:17:06","slug":"day-tour-premium","status":"publish","type":"product","link":"https:\/\/turistarg.com\/pt\/product\/day-tour-premium\/","title":{"rendered":"TOUR DE DIA PREMIUM"},"content":{"rendered":"<p>Caminar por el Barrio Hist\u00f3rico de Colonia del Sacramento<\/p>\n<p>Es el primer sitio de Uruguay declarado Patrimonio Mundial por UNESCO, en 1995. Fundada en 1680 por el portugu\u00e9s Manuel Lobo, la ciudad pas\u00f3 de dominio portugu\u00e9s a dominio espa\u00f1ol varias veces, hasta la Declaratoria de Independencia en 1825. Estos sucesos hicieron de la capital coloniense un crisol de estilos arquitect\u00f3nicos en el que conviven edificaciones de estilo colonial t\u00edpicamente portugu\u00e9s y viviendas de porte espa\u00f1ol.<\/p>\n<p>Caminar por sus empedradas e irregulares calles permite rememorar la historia, y disfrutar de un paisaje \u00fanico con vistas privilegiadas del R\u00edo de la Plata. Sus casas, sus calles empedradas, sus t\u00edpicos faroles, y sus atardeceres m\u00e1gicos seducen a los visitantes desde siempre. El Port\u00f3n de Campo, la Calle de los Suspiros, el Faro, las Galer\u00edas de Arte y la historia que atesoran sus Museos son solo algunos de los atractivos a descubrir.<\/p>","protected":false},"excerpt":{"rendered":"<ul>\n<li>Pasaje ida y vuelta<\/li>\n<li>Paseo guiado por el Barrio Hist\u00f3rico<\/li>\n<li>Almuerzo en Mes\u00f3n de la Plaza c\/bebidas<\/li>\n<li>Tiempo libre en la ciudad<\/li>\n<li>Llev\u00e1 tu bicicleta gratis<\/li>\n<\/ul>","protected":false},"featured_media":588,"template":"","meta":{"_joinchat":[]},"product_cat":[39],"product_tag":[],"class_list":{"0":"post-376","1":"product","2":"type-product","3":"status-publish","4":"has-post-thumbnail","6":"product_cat-colonia-express","8":"first","9":"instock","10":"shipping-taxable","11":"purchasable","12":"product-type-simple"},"_links":{"self":[{"href":"https:\/\/turistarg.com\/pt\/wp-json\/wp\/v2\/product\/376","targetHints":{"allow":["GET"]}}],"collection":[{"href":"https:\/\/turistarg.com\/pt\/wp-json\/wp\/v2\/product"}],"about":[{"href":"https:\/\/turistarg.com\/pt\/wp-json\/wp\/v2\/types\/product"}],"wp:featuredmedia":[{"embeddable":true,"href":"https:\/\/turistarg.com\/pt\/wp-json\/wp\/v2\/media\/588"}],"wp:attachment":[{"href":"https:\/\/turistarg.com\/pt\/wp-json\/wp\/v2\/media?parent=376"}],"wp:term":[{"taxonomy":"product_cat","embeddable":true,"href":"https:\/\/turistarg.com\/pt\/wp-json\/wp\/v2\/product_cat?post=376"},{"taxonomy":"product_tag","embeddable":true,"href":"https:\/\/turistarg.com\/pt\/wp-json\/wp\/v2\/product_tag?post=376"}],"curies":[{"name":"wp","href":"https:\/\/api.w.org\/{rel}","templated":true}]}}