{"id":394,"date":"2024-07-11T21:46:20","date_gmt":"2024-07-12T00:46:20","guid":{"rendered":"https:\/\/tbttravelba.com\/?post_type=product&#038;p=394"},"modified":"2024-09-01T23:17:43","modified_gmt":"2024-09-02T02:17:43","slug":"day-tour-los-cerros-de-san-juan-premium","status":"publish","type":"product","link":"https:\/\/turistarg.com\/pt\/product\/day-tour-los-cerros-de-san-juan-premium\/","title":{"rendered":"TOUR DE UM DIA PELAS COLINAS DE SAN JUAN PREMIUM"},"content":{"rendered":"<p>Hacia 1854, la familia Lahusen, proveniente de Alemania y de larga tradici\u00f3n agro-vit\u00edcola, adquiere cuatro estancias ubicadas entre los r\u00edos San Juan y de la Plata, dando surgimiento a la Compa\u00f1\u00eda Rural Los Cerros de San Juan y Cochic\u00f3.<\/p>\n<p>La elecci\u00f3n de este lugar fue producto de una vasta experiencia que tuvo en cuenta las caracter\u00edsticas del antiguo lecho del r\u00edo San Juan, recubierto de gravas y cantos rodados, similar a la regi\u00f3n de Bordeaux, donde plantaron tra\u00eddas del viejo mundo. En 1872 llegaron, procedentes de Francia, toneles de roble que fueron albergados en una nueva bodega construida en piedra en la cual actualmente descansan nuestros vinos.<\/p>","protected":false},"excerpt":{"rendered":"<ul>\n<li>Pasaje ida y vuelta<\/li>\n<li>Transfer\u00eancias<\/li>\n<li>Wine Tasting<\/li>\n<li>Visita guiada privada a la bodega<\/li>\n<li>Degustaci\u00f3n<\/li>\n<li>Men\u00fa de 4 pasos<\/li>\n<li>Tiempo libre en la ciudad<\/li>\n<\/ul>","protected":false},"featured_media":589,"template":"","meta":{"_joinchat":[]},"product_cat":[39],"product_tag":[],"class_list":{"0":"post-394","1":"product","2":"type-product","3":"status-publish","4":"has-post-thumbnail","6":"product_cat-colonia-express","8":"first","9":"instock","10":"shipping-taxable","11":"purchasable","12":"product-type-simple"},"_links":{"self":[{"href":"https:\/\/turistarg.com\/pt\/wp-json\/wp\/v2\/product\/394","targetHints":{"allow":["GET"]}}],"collection":[{"href":"https:\/\/turistarg.com\/pt\/wp-json\/wp\/v2\/product"}],"about":[{"href":"https:\/\/turistarg.com\/pt\/wp-json\/wp\/v2\/types\/product"}],"wp:featuredmedia":[{"embeddable":true,"href":"https:\/\/turistarg.com\/pt\/wp-json\/wp\/v2\/media\/589"}],"wp:attachment":[{"href":"https:\/\/turistarg.com\/pt\/wp-json\/wp\/v2\/media?parent=394"}],"wp:term":[{"taxonomy":"product_cat","embeddable":true,"href":"https:\/\/turistarg.com\/pt\/wp-json\/wp\/v2\/product_cat?post=394"},{"taxonomy":"product_tag","embeddable":true,"href":"https:\/\/turistarg.com\/pt\/wp-json\/wp\/v2\/product_tag?post=394"}],"curies":[{"name":"wp","href":"https:\/\/api.w.org\/{rel}","templated":true}]}}