{"id":431,"date":"2024-07-16T23:04:14","date_gmt":"2024-07-17T02:04:14","guid":{"rendered":"https:\/\/tbttravelba.com\/?post_type=product&#038;p=431"},"modified":"2024-09-01T23:07:43","modified_gmt":"2024-09-02T02:07:43","slug":"bike-tour-colonia","status":"publish","type":"product","link":"https:\/\/turistarg.com\/pt\/product\/bike-tour-colonia\/","title":{"rendered":"PASSEIO DE BICICLETA | COL\u00d4NIA"},"content":{"rendered":"<p>DayTour inclui<\/p>\n<p>\u2013 Passagens de ida e volta durante o dia.<\/p>\n<p>\u2013 Aluguel de bicicletas para o dia (inclu\u00eddo). Somente para maiores de 7 anos.<\/p>\n<p>\u2013 Alimenta\u00e7\u00e3o a bordo. (Sandu\u00edche \u00e0 sua escolha, \u00e1gua saborizada + barra de cereal).<\/p>\n<p>\u2013 Assist\u00eancia ao viajante. Inclui cobertura de sa\u00fade.<\/p>","protected":false},"excerpt":{"rendered":"<h4>Ida e volta no dia Buenos Aires \u2013 Col\u00f4nia<\/h4>\n<p><strong>Sa\u00eddas: 08h30, 12h15.<\/strong><\/p>\n<p>Retorno: 17h01, 20h31.<\/p>","protected":false},"featured_media":580,"template":"","meta":{"_joinchat":[]},"product_cat":[40,38],"product_tag":[],"class_list":{"0":"post-431","1":"product","2":"type-product","3":"status-publish","4":"has-post-thumbnail","6":"product_cat-buquebus","7":"product_cat-uruguay","9":"first","10":"instock","11":"shipping-taxable","12":"purchasable","13":"product-type-simple"},"_links":{"self":[{"href":"https:\/\/turistarg.com\/pt\/wp-json\/wp\/v2\/product\/431","targetHints":{"allow":["GET"]}}],"collection":[{"href":"https:\/\/turistarg.com\/pt\/wp-json\/wp\/v2\/product"}],"about":[{"href":"https:\/\/turistarg.com\/pt\/wp-json\/wp\/v2\/types\/product"}],"wp:featuredmedia":[{"embeddable":true,"href":"https:\/\/turistarg.com\/pt\/wp-json\/wp\/v2\/media\/580"}],"wp:attachment":[{"href":"https:\/\/turistarg.com\/pt\/wp-json\/wp\/v2\/media?parent=431"}],"wp:term":[{"taxonomy":"product_cat","embeddable":true,"href":"https:\/\/turistarg.com\/pt\/wp-json\/wp\/v2\/product_cat?post=431"},{"taxonomy":"product_tag","embeddable":true,"href":"https:\/\/turistarg.com\/pt\/wp-json\/wp\/v2\/product_tag?post=431"}],"curies":[{"name":"wp","href":"https:\/\/api.w.org\/{rel}","templated":true}]}}