{"id":443,"date":"2024-07-16T23:37:58","date_gmt":"2024-07-17T02:37:58","guid":{"rendered":"https:\/\/tbttravelba.com\/?post_type=product&#038;p=443"},"modified":"2024-09-01T22:03:27","modified_gmt":"2024-09-02T01:03:27","slug":"bus-turistico-rojo-grayline","status":"publish","type":"product","link":"https:\/\/turistarg.com\/pt\/product\/bus-turistico-rojo-grayline\/","title":{"rendered":"BUS TURISTICO ROJO &#8211; GRAYLINE"},"content":{"rendered":"<p>\u2022 Tu ticket te permitir\u00e1 subir y bajar en la parada que desees y recorrer la ciudad a tu ritmo durante la cantidad de horas que compres.<br \/>\n\u2022 Recorre la ciudad con audiogu\u00eda y descubre los barrios tradicionales como La Boca, San Telmo y Puerto Madero.<br \/>\n\u2022 La parada principal se encuentra en el centro, desde donde podr\u00e1s ver edificios emblem\u00e1ticos y lugares hist\u00f3ricos.<br \/>\n\u2022 Disfruta de los espacios culturales y los diferentes barrios porte\u00f1os durante el recorrido en bus.<br \/>\n\u2022 El bus se detendr\u00e1 en paradas determinadas para conectarte con otras actividades y atracciones tur\u00edsticas.<br \/>\n\u2022 Comienza el recorrido en cualquier parada con el QR que te ser\u00e1 enviado por correo electr\u00f3nico.<br \/>\n\u2022 Opera de Lunes a Domingos de 09.30 hs a 18.00 hs.<\/p>","protected":false},"excerpt":{"rendered":"<p>Descubre Buenos Aires a tu ritmo con nuestro bus tur\u00edstico. Recorre La Boca, San Telmo, y m\u00e1s. Disfruta de edificios emblem\u00e1ticos, historia y cultura. Con audiogu\u00eda y paradas para explorar. \u00a1Vive la ciudad como nunca antes!<\/p>","protected":false},"featured_media":565,"template":"","meta":{"_joinchat":[]},"product_cat":[19],"product_tag":[],"class_list":{"0":"post-443","1":"product","2":"type-product","3":"status-publish","4":"has-post-thumbnail","6":"product_cat-paseos","8":"first","9":"instock","10":"shipping-taxable","11":"purchasable","12":"product-type-variable"},"_links":{"self":[{"href":"https:\/\/turistarg.com\/pt\/wp-json\/wp\/v2\/product\/443","targetHints":{"allow":["GET"]}}],"collection":[{"href":"https:\/\/turistarg.com\/pt\/wp-json\/wp\/v2\/product"}],"about":[{"href":"https:\/\/turistarg.com\/pt\/wp-json\/wp\/v2\/types\/product"}],"wp:featuredmedia":[{"embeddable":true,"href":"https:\/\/turistarg.com\/pt\/wp-json\/wp\/v2\/media\/565"}],"wp:attachment":[{"href":"https:\/\/turistarg.com\/pt\/wp-json\/wp\/v2\/media?parent=443"}],"wp:term":[{"taxonomy":"product_cat","embeddable":true,"href":"https:\/\/turistarg.com\/pt\/wp-json\/wp\/v2\/product_cat?post=443"},{"taxonomy":"product_tag","embeddable":true,"href":"https:\/\/turistarg.com\/pt\/wp-json\/wp\/v2\/product_tag?post=443"}],"curies":[{"name":"wp","href":"https:\/\/api.w.org\/{rel}","templated":true}]}}