{"id":450,"date":"2024-07-16T23:41:56","date_gmt":"2024-07-17T02:41:56","guid":{"rendered":"https:\/\/tbttravelba.com\/?post_type=product&#038;p=450"},"modified":"2024-09-01T22:04:52","modified_gmt":"2024-09-02T01:04:52","slug":"campanopolis-aldea-medieval","status":"publish","type":"product","link":"https:\/\/turistarg.com\/pt\/product\/campanopolis-aldea-medieval\/","title":{"rendered":"CAMPANOPOLIS &#8211; ALDEA MEDIEVAL"},"content":{"rendered":"<p><span data-sheets-root=\"1\">Miercoles a Viernes de 13 a 17 (pick up 12) Sabados 9 am (pick up 8)<\/span><\/p>","protected":false},"excerpt":{"rendered":"<p>Una aldea con estilo medieval que se levanta sobre un predio de 200 hect\u00e1reas al oeste del gran Buenos Aires, fruto de la visi\u00f3n de un hombre sin ning\u00fan estudio de arquitectura pero con un posgrado en imaginaci\u00f3n.<\/p>","protected":false},"featured_media":564,"template":"","meta":{"_joinchat":[]},"product_cat":[19],"product_tag":[],"class_list":{"0":"post-450","1":"product","2":"type-product","3":"status-publish","4":"has-post-thumbnail","6":"product_cat-paseos","8":"first","9":"instock","10":"shipping-taxable","11":"purchasable","12":"product-type-variable"},"_links":{"self":[{"href":"https:\/\/turistarg.com\/pt\/wp-json\/wp\/v2\/product\/450","targetHints":{"allow":["GET"]}}],"collection":[{"href":"https:\/\/turistarg.com\/pt\/wp-json\/wp\/v2\/product"}],"about":[{"href":"https:\/\/turistarg.com\/pt\/wp-json\/wp\/v2\/types\/product"}],"wp:featuredmedia":[{"embeddable":true,"href":"https:\/\/turistarg.com\/pt\/wp-json\/wp\/v2\/media\/564"}],"wp:attachment":[{"href":"https:\/\/turistarg.com\/pt\/wp-json\/wp\/v2\/media?parent=450"}],"wp:term":[{"taxonomy":"product_cat","embeddable":true,"href":"https:\/\/turistarg.com\/pt\/wp-json\/wp\/v2\/product_cat?post=450"},{"taxonomy":"product_tag","embeddable":true,"href":"https:\/\/turistarg.com\/pt\/wp-json\/wp\/v2\/product_tag?post=450"}],"curies":[{"name":"wp","href":"https:\/\/api.w.org\/{rel}","templated":true}]}}