{"id":54,"date":"2024-05-26T18:51:40","date_gmt":"2024-05-26T21:51:40","guid":{"rendered":"https:\/\/tbttravelba.com\/?post_type=product&#038;p=54"},"modified":"2024-09-01T23:25:44","modified_gmt":"2024-09-02T02:25:44","slug":"senor-tango","status":"publish","type":"product","link":"https:\/\/turistarg.com\/pt\/product\/senor-tango\/","title":{"rendered":"SE\u00d1OR TANGO"},"content":{"rendered":"","protected":false},"excerpt":{"rendered":"<p>Se\u00f1or Tango n\u00e3o atende no Airbnb<\/p>","protected":false},"featured_media":594,"template":"","meta":{"_joinchat":[]},"product_cat":[18],"product_tag":[],"class_list":{"0":"post-54","1":"product","2":"type-product","3":"status-publish","4":"has-post-thumbnail","6":"product_cat-tango","8":"first","9":"instock","10":"shipping-taxable","11":"purchasable","12":"product-type-variable"},"_links":{"self":[{"href":"https:\/\/turistarg.com\/pt\/wp-json\/wp\/v2\/product\/54","targetHints":{"allow":["GET"]}}],"collection":[{"href":"https:\/\/turistarg.com\/pt\/wp-json\/wp\/v2\/product"}],"about":[{"href":"https:\/\/turistarg.com\/pt\/wp-json\/wp\/v2\/types\/product"}],"wp:featuredmedia":[{"embeddable":true,"href":"https:\/\/turistarg.com\/pt\/wp-json\/wp\/v2\/media\/594"}],"wp:attachment":[{"href":"https:\/\/turistarg.com\/pt\/wp-json\/wp\/v2\/media?parent=54"}],"wp:term":[{"taxonomy":"product_cat","embeddable":true,"href":"https:\/\/turistarg.com\/pt\/wp-json\/wp\/v2\/product_cat?post=54"},{"taxonomy":"product_tag","embeddable":true,"href":"https:\/\/turistarg.com\/pt\/wp-json\/wp\/v2\/product_tag?post=54"}],"curies":[{"name":"wp","href":"https:\/\/api.w.org\/{rel}","templated":true}]}}